{"id":5150,"date":"2024-05-06T09:53:29","date_gmt":"2024-05-06T09:53:29","guid":{"rendered":"https:\/\/radior.fr\/bedingungen-fuer-die-nutzung\/"},"modified":"2024-07-08T09:51:45","modified_gmt":"2024-07-08T09:51:45","slug":"bedingungen-fuer-die-nutzung","status":"publish","type":"page","link":"https:\/\/radior.fr\/de\/bedingungen-fuer-die-nutzung\/","title":{"rendered":"Bedingungen f\u00fcr die Nutzung"},"content":{"rendered":"\t\t<div data-elementor-type=\"wp-page\" data-elementor-id=\"5150\" class=\"elementor elementor-5150 elementor-5093\" data-elementor-post-type=\"page\">\n\t\t\t\t\t\t\t\t\t<section class=\"elementor-section elementor-top-section elementor-element elementor-element-0a1d882 elementor-section-full_width elementor-section-height-min-height elementor-section-height-default elementor-section-items-middle\" data-id=\"0a1d882\" data-element_type=\"section\" data-settings=\"{&quot;background_background&quot;:&quot;classic&quot;,&quot;background_motion_fx_motion_fx_scrolling&quot;:&quot;yes&quot;,&quot;background_motion_fx_scale_effect&quot;:&quot;yes&quot;,&quot;background_motion_fx_scale_speed&quot;:{&quot;unit&quot;:&quot;px&quot;,&quot;size&quot;:10,&quot;sizes&quot;:[]},&quot;background_motion_fx_scale_range&quot;:{&quot;unit&quot;:&quot;%&quot;,&quot;size&quot;:&quot;&quot;,&quot;sizes&quot;:{&quot;start&quot;:0,&quot;end&quot;:100}},&quot;background_motion_fx_scale_direction&quot;:&quot;out-in&quot;,&quot;background_motion_fx_devices&quot;:[&quot;desktop&quot;,&quot;tablet&quot;,&quot;mobile&quot;]}\">\n\t\t\t\t\t\t<div class=\"elementor-container elementor-column-gap-default\">\n\t\t\t\t\t<div class=\"elementor-column elementor-col-100 elementor-top-column elementor-element elementor-element-92f86a3\" data-id=\"92f86a3\" data-element_type=\"column\">\n\t\t\t<div class=\"elementor-widget-wrap elementor-element-populated\">\n\t\t\t\t\t\t\t\t\t<\/div>\n\t\t<\/div>\n\t\t\t\t\t\t\t<\/div>\n\t\t<\/section>\n\t\t\t\t<section class=\"elementor-section elementor-top-section elementor-element elementor-element-1ff1d49 elementor-section-full_width elementor-section-height-default elementor-section-height-default\" data-id=\"1ff1d49\" data-element_type=\"section\" data-settings=\"{&quot;background_background&quot;:&quot;classic&quot;}\">\n\t\t\t\t\t\t<div class=\"elementor-container elementor-column-gap-default\">\n\t\t\t\t\t<div class=\"elementor-column elementor-col-100 elementor-top-column elementor-element elementor-element-3c452cf\" data-id=\"3c452cf\" data-element_type=\"column\">\n\t\t\t<div class=\"elementor-widget-wrap elementor-element-populated\">\n\t\t\t\t\t\t\t\t<div class=\"elementor-element elementor-element-90066b6 elementor-view-default elementor-invisible elementor-widget elementor-widget-icon\" data-id=\"90066b6\" data-element_type=\"widget\" data-settings=\"{&quot;_animation&quot;:&quot;fadeInDown&quot;}\" data-widget_type=\"icon.default\">\n\t\t\t\t<div class=\"elementor-widget-container\">\n\t\t\t\t\t<div class=\"elementor-icon-wrapper\">\n\t\t\t<a class=\"elementor-icon\" href=\"#history\">\n\t\t\t<svg xmlns=\"http:\/\/www.w3.org\/2000\/svg\" id=\"f091b371-0a0c-4a7a-b831-d1a750619811\" data-name=\"Layer 1\" viewBox=\"0 0 24.9999 32\"><title>scroll-down-icon<\/title><g id=\"a2db11b3-5623-466b-a28d-fa1595a1ff7d\" data-name=\"Home-Page-\"><g id=\"a060ad71-be4b-4462-8469-bf6bb42ed1bf\" data-name=\"Hero\"><path d=\"M24.8505,18.7959a.5.5,0,0,0-.707.0059L12.871,30.2773V.5a.5.5,0,0,0-1,0V30.2588L.86,18.8057A.5.5,0,1,0,.14,19.499L12.0087,31.8447l.0078.0078.001.001a.5057.5057,0,0,0,.1274.0928h.001l.001.001.0015.0009a.3267.3267,0,0,0,.0415.0176A.5029.5029,0,0,0,12.3573,32h.0288a.4941.4941,0,0,0,.1783-.0391l.02-.0078v-.001h.002l.0014-.0009a.4835.4835,0,0,0,.1358-.0967h0l.0054-.0059L24.8564,19.5029A.5.5,0,0,0,24.8505,18.7959Z\"><\/path><\/g><\/g><\/svg>\t\t\t<\/a>\n\t\t<\/div>\n\t\t\t\t<\/div>\n\t\t\t\t<\/div>\n\t\t\t\t\t<\/div>\n\t\t<\/div>\n\t\t\t\t\t\t\t<\/div>\n\t\t<\/section>\n\t\t<div class=\"elementor-element elementor-element-3f989e4 e-flex e-con-boxed e-con e-parent\" data-id=\"3f989e4\" data-element_type=\"container\" data-settings=\"{&quot;content_width&quot;:&quot;boxed&quot;}\" data-core-v316-plus=\"true\">\n\t\t\t\t\t<div class=\"e-con-inner\">\n\t\t\t\t<div class=\"elementor-element elementor-element-976f7ed elementor-widget elementor-widget-text-editor\" data-id=\"976f7ed\" data-element_type=\"widget\" data-settings=\"{&quot;motion_fx_motion_fx_scrolling&quot;:&quot;yes&quot;,&quot;motion_fx_devices&quot;:[&quot;desktop&quot;,&quot;tablet&quot;,&quot;mobile&quot;]}\" data-widget_type=\"text-editor.default\">\n\t\t\t\t<div class=\"elementor-widget-container\">\n\t\t\t<style>\/*! elementor - v3.16.0 - 12-09-2023 *\/\n.elementor-widget-text-editor.elementor-drop-cap-view-stacked .elementor-drop-cap{background-color:#69727d;color:#fff}.elementor-widget-text-editor.elementor-drop-cap-view-framed .elementor-drop-cap{color:#69727d;border:3px solid;background-color:transparent}.elementor-widget-text-editor:not(.elementor-drop-cap-view-default) .elementor-drop-cap{margin-top:8px}.elementor-widget-text-editor:not(.elementor-drop-cap-view-default) .elementor-drop-cap-letter{width:1em;height:1em}.elementor-widget-text-editor .elementor-drop-cap{float:left;text-align:center;line-height:1;font-size:50px}.elementor-widget-text-editor .elementor-drop-cap-letter{display:inline-block}<\/style>\t\t\t\t<h2>1. Pr\u00e4sentation der Website.<\/h2><p>Gem\u00e4\u00df Artikel 6 des franz\u00f6sischen Gesetzes Nr. 2004-575 vom 21. Juni 2004 \u00fcber das Vertrauen in die digitale Wirtschaft werden die Nutzer der Website <a title=\"Jean-emmanuel Cornu - RADIOR - radior.fr\" href=\"http:\/\/radior.fr\/\">radior.fr<\/a> \u00fcber die Identit\u00e4t der folgenden Parteien informiert<br \/>der verschiedenen Parteien, die an der Umsetzung und dem Follow-up beteiligt sind:<\/p><p><strong>Eigent\u00fcmerin<\/strong>: Jean-emmanuel Cornu &#8211; RADIOR &#8211; Soci\u00e9t\u00e9 par actions simplifi\u00e9e RADIOR &#8211; 31425852600024 &#8211; 3 All\u00e9e desMerisiers, 27400 Heudebouville<br \/><strong>Sch\u00f6pfer<\/strong>: <a href=\"https:\/\/www.ocean-communication.com\/\" target=\"_blank\" rel=\"noopener\">OCEAN COMMUNICATION<\/a> &#8211; info@ocean-communication.fr<br \/><strong>Verantwortlich f\u00fcr die Ver\u00f6ffentlichung<\/strong>: Jean-emmanuel Cornu &#8211; contact@radior.fr<br \/>Die f\u00fcr die Ver\u00f6ffentlichung verantwortliche Person ist eine Einzelperson oder eine juristische Person.<br \/><strong>Webmaster<\/strong>: MEERESKOMMUNIKATION &#8211; info@ocean-communication.fr<br \/><strong>Gastgeber<\/strong>: OVH &#8211; 2 rue Kellermann &#8211; 59100 Roubaix &#8211; Frankreich<\/p><h2>2. Allgemeine Bedingungen f\u00fcr die Nutzung der Website und der angebotenen Dienste.<\/h2><p>Die Nutzung der Website <a title=\"Jean-emmanuel Cornu - RADIOR - radior.fr\" href=\"http:\/\/radior.fr\/\">radior.fr<\/a> setzt die vollst\u00e4ndige Annahme der unten beschriebenen allgemeinen Nutzungsbedingungen voraus. Diese Nutzungsbedingungen sind<br \/>k\u00f6nnen jederzeit ge\u00e4ndert oder erg\u00e4nzt werden. Den Benutzern der Website <a title=\"Jean-emmanuel Cornu - RADIOR - radior.fr\" href=\"http:\/\/radior.fr\/\">radior.fr<\/a> wird daher empfohlen, sie regelm\u00e4\u00dfig zu konsultieren.<\/p><p>Diese Website ist f\u00fcr Benutzer normalerweise jederzeit zug\u00e4nglich. Jean-emmanuel Cornu &#8211; RADIOR kann jedoch beschlie\u00dfen, die Website f\u00fcr technische Wartungsarbeiten zu unterbrechen. In diesem Fall werden die Benutzer im Voraus informiert.<br \/>Daten und Zeiten der Intervention.<\/p><p>Die Website <a title=\"Jean-emmanuel Cornu - RADIOR - radior.fr\" href=\"http:\/\/radior.fr\/\">radior.fr<\/a> wird regelm\u00e4\u00dfig von Jean-emmanuel Cornu aktualisiert. Ebenso k\u00f6nnen die rechtlichen Hinweise jederzeit ge\u00e4ndert werden: Sie sind dennoch verbindlich.<br \/>an den Benutzer, der aufgefordert wird, sie so oft wie m\u00f6glich zu lesen, um sich mit ihr vertraut zu machen.<\/p><h2>3. Beschreibung der angebotenen Dienstleistungen.<\/h2><p>Die Website von <a title=\"Jean-emmanuel Cornu - RADIOR - radior.fr\" href=\"http:\/\/radior.fr\/\">radior.<\/a> fr dient dazu, Informationen \u00fcber alle Aktivit\u00e4ten des Unternehmens bereitzustellen.<\/p><p>Jean-emmanuel Cornu &#8211; RADIOR bem\u00fcht sich, die Informationen auf der Website <a title=\"Jean-emmanuel Cornu - RADIOR - radior.fr\" href=\"http:\/\/radior.fr\/\">radior.fr<\/a> so genau wie m\u00f6glich zu halten. Sie kann jedoch nicht verantwortlich gemacht werden f\u00fcr<br \/>Sie ist nicht verantwortlich f\u00fcr Auslassungen, Ungenauigkeiten oder fehlende Aktualisierungen von Informationen, unabh\u00e4ngig davon, ob diese von ihr selbst oder von dritten Partnern, die diese Informationen liefern, verursacht wurden.<\/p><p>Alle Angaben auf der Website <a title=\"Jean-emmanuel Cornu - RADIOR - radior.fr\" href=\"http:\/\/radior.fr\/\">radior.fr<\/a> dienen nur zu Informationszwecken und k\u00f6nnen jederzeit ge\u00e4ndert werden. Dar\u00fcber hinaus sind die Informationen \u00fcber<br \/>der Website <a title=\"Jean-emmanuel Cornu - RADIOR - radior.fr\" href=\"http:\/\/radior.fr\/\">radior.fr<\/a> sind nicht ersch\u00f6pfend. Sie gelten vorbehaltlich etwaiger \u00c4nderungen, die seit ihrer Ver\u00f6ffentlichung vorgenommen wurden.<\/p><h2>4. Vertragliche Beschr\u00e4nkungen f\u00fcr technische Daten.<\/h2><p>Die Website verwendet die JavaScript-Technologie.<\/p><p>Die Website kann nicht f\u00fcr materielle Sch\u00e4den verantwortlich gemacht werden, die sich aus der Nutzung der Website ergeben. Dar\u00fcber hinaus verpflichtet sich der Nutzer der Website, die Website mit einem aktuellen, virenfreien Ger\u00e4t und einem Browser der neuesten Version aufzurufen.<br \/>neueste Generation aktualisiert<\/p><h2>5. Geistiges Eigentum und F\u00e4lschungen.<\/h2><p>Jean-emmanuel Cornu &#8211; RADIOR ist Inhaberin der geistigen Eigentumsrechte oder besitzt die Nutzungsrechte an allen auf der Website zug\u00e4nglichen Elementen, insbesondere an den Texten, Bildern, Grafiken, Logos, Icons, Sounds und der Software.<\/p><p>Jegliche Vervielf\u00e4ltigung, Darstellung, \u00c4nderung, Ver\u00f6ffentlichung, Anpassung aller oder eines Teils der Elemente der Website, unabh\u00e4ngig von den verwendeten Mitteln oder dem Verfahren, ist ohne vorherige schriftliche Genehmigung von : Jean-emmanuel Cornu &#8211; RADIOR.<\/p><p>Jede unbefugte Nutzung der Website oder eines der darin enthaltenen Elemente wird als F\u00e4lschung betrachtet und gem\u00e4\u00df den Bestimmungen der Artikel L.335-2 ff. geahndet. des franz\u00f6sischen Gesetzes \u00fcber geistiges Eigentum.<\/p><h2>6. Begrenzung der Haftung.<\/h2><p>Jean-emmanuel Cornu &#8211; RADIOR kann nicht f\u00fcr direkte oder indirekte Sch\u00e4den an den Ger\u00e4ten des Benutzers verantwortlich gemacht werden, die beim Zugriff auf die Website radior.fr entstehen und entweder auf die Verwendung von Ger\u00e4ten zur\u00fcckzuf\u00fchren sind, die nicht den Spezifikationen der Website radior.fr entsprechen, oder auf die Verwendung von Ger\u00e4ten, die nicht den Spezifikationen der Website radior.fr entsprechen.<br \/>wie in Punkt 4 angegeben, oder das Auftreten eines Fehlers oder einer Inkompatibilit\u00e4t.<\/p><p>Jean-emmanuel Cornu &#8211; RADIOR kann nicht f\u00fcr indirekte Sch\u00e4den (wie z.B. Markt- oder Chancenverluste) verantwortlich gemacht werden, die sich aus der Nutzung der Website <a title=\"Jean-emmanuel Cornu - RADIOR - radior.fr\" href=\"http:\/\/radior.fr\/\">radior.fr<\/a> ergeben.<\/p><p>Interaktive Bereiche (M\u00f6glichkeit, Fragen im Kontaktbereich zu stellen) stehen den Benutzern zur Verf\u00fcgung. Jean-emmanuel Cornu &#8211; RADIOR beh\u00e4lt sich das Recht vor, in diesem Bereich ver\u00f6ffentlichte Inhalte ohne vorherige Ank\u00fcndigung zu entfernen.<br \/>die gegen die in Frankreich geltende Gesetzgebung versto\u00dfen w\u00fcrden, insbesondere gegen die Bestimmungen zum Datenschutz. Gegebenenfalls beh\u00e4lt sich Jean-emmanuel Cornu &#8211; RADIOR das Recht vor, auch die folgenden Parteien haftbar zu machen<br \/>die zivil- und\/oder strafrechtliche Haftung des Nutzers, insbesondere bei rassistischen, beleidigenden, verleumderischen oder pornografischen Nachrichten, unabh\u00e4ngig vom verwendeten Medium (Text, Fotos usw.).<\/p><h2>7. Verwaltung pers\u00f6nlicher Daten.<\/h2><p>In Frankreich werden personenbezogene Daten durch das Gesetz Nr. 78-87 vom 6. Januar 1978, das Gesetz Nr. 2004-801 vom 6. August 2004, Artikel L. 226-13 des Strafgesetzbuches und die europ\u00e4ische Richtlinie vom 24. Oktober 1995 gesch\u00fctzt.<\/p><p>Bei der Nutzung der Website <a title=\"Jean-emmanuel Cornu - RADIOR - radior.fr\" href=\"http:\/\/radior.fr\/\">radior.fr<\/a> k\u00f6nnen die folgenden Informationen erfasst werden: die URL der Links, \u00fcber die der Benutzer auf die Website <a title=\"Jean-emmanuel Cornu - RADIOR - radior.fr\" href=\"http:\/\/radior.fr\/\">radior.<\/a>fr zugegriffen hat, der Zugangsanbieter des Benutzers, die Internetprotokoll-Adresse (IP-Adresse) des Benutzers.<\/p><p>In jedem Fall sammelt Jean-emmanuel Cornu &#8211; RADIOR personenbezogene Daten des Nutzers nur zum Zwecke bestimmter Dienstleistungen, die auf der Website <a title=\"Jean-emmanuel Cornu - RADIOR - radior.fr\" href=\"http:\/\/radior.fr\/\">radior.fr<\/a> angeboten werden.<br \/>Der Nutzer stellt diese Informationen in voller Kenntnis der Sachlage zur Verf\u00fcgung, insbesondere wenn er die Informationen selbst eingibt. Die Nutzer der Website <a title=\"Jean-emmanuel Cornu - RADIOR - radior.fr\" href=\"http:\/\/radior.fr\/\">radior.<\/a> fr werden dann dar\u00fcber informiert, ob sie diese Informationen angeben m\u00fcssen oder nicht.<\/p><p>In \u00dcbereinstimmung mit den Bestimmungen der Artikel 38 ff. des franz\u00f6sischen Datenschutzgesetzes 78-17 vom 6. Januar 1978 haben alle Nutzer das Recht auf Zugang, Berichtigung und Widerspruch zu personenbezogenen Daten.<br \/>durch \u00dcbermittlung eines schriftlichen und unterzeichneten Antrags, dem eine Kopie des Ausweises mit der Unterschrift des Inhabers des Ausweises beigef\u00fcgt ist, unter Angabe der Adresse, an die die Antwort geschickt werden soll.<\/p><p>Keine pers\u00f6nlichen Daten des Benutzers der Website <a title=\"Jean-emmanuel Cornu - RADIOR - radior.fr\" href=\"http:\/\/radior.fr\/\">radior.fr<\/a> werden ohne dessen Wissen ver\u00f6ffentlicht, ausgetauscht, \u00fcbertragen, abgetreten oder auf irgendeinem Medium verkauft.<br \/>an Dritte weitergeben. Nur die \u00dcbernahme des R\u00fcckkaufs von Jean-emmanuel Cornu &#8211; RADIOR und ihrer Rechte w\u00fcrde die Weitergabe der oben genannten Informationen an den m\u00f6glichen K\u00e4ufer erm\u00f6glichen, der seinerseits die gleiche Verpflichtung zur Aufbewahrung und \u00c4nderung h\u00e4tte.<br \/>Daten in Bezug auf den Benutzer der Website <a title=\"Jean-emmanuel Cornu - RADIOR - radior.fr\" href=\"http:\/\/radior.fr\/\">radior.fr<\/a>.<\/p><p>Die Website ist nicht bei der CNIL registriert, da sie keine pers\u00f6nlichen Daten sammelt.<\/p><p>Datenbanken sind durch die Bestimmungen des Gesetzes vom 1. Juli 1998 zur Umsetzung der Richtlinie 96\/9 vom 11. M\u00e4rz 1996 \u00fcber den rechtlichen Schutz von Datenbanken gesch\u00fctzt.<\/p><h2>8. Hyperlinks und Cookies.<\/h2><p>Die Website <a title=\"Jean-emmanuel Cornu - RADIOR - radior.fr\" href=\"http:\/\/radior.fr\/\">radior.fr<\/a> enth\u00e4lt eine Reihe von Hypertext-Links zu anderen Websites, die mit Genehmigung von Jean-emmanuel Cornu &#8211; RADIOR eingerichtet wurden. Jean-emmanuel Cornu &#8211; RADIOR ist jedoch nicht in der Lage, den Inhalt der auf diese Weise besuchten Websites zu \u00fcberpr\u00fcfen und \u00fcbernimmt folglich keine Haftung daf\u00fcr.<\/p><p>Die Nutzung der Website <a title=\"Jean-emmanuel Cornu - RADIOR - radior.fr\" href=\"http:\/\/radior.fr\/\">radior.fr<\/a> kann dazu f\u00fchren, dass Cookies auf dem Computer des Nutzers installiert werden. Ein Cookie ist eine kleine Datei,<br \/>die keine Identifizierung des Benutzers zul\u00e4sst, aber Informationen \u00fcber das Surfen eines Computers auf einer Website aufzeichnet. Die auf diese Weise gewonnenen Daten sollen die sp\u00e4tere Navigation auf der Website erleichtern und sind au\u00dferdem f\u00fcr folgende Zwecke bestimmt<br \/>um die Besucherzahlen zu messen.<\/p><p>Die Verweigerung der Installation eines Cookies kann dazu f\u00fchren, dass Sie auf bestimmte Dienste nicht zugreifen k\u00f6nnen. Der Benutzer kann jedoch seinen Computer wie folgt konfigurieren, um die Installation von Cookies abzulehnen:<\/p><p>Internet Explorer: Registerkarte Extras (zahnradf\u00f6rmiges Symbol oben rechts) \/ Internetoptionen. Klicken Sie auf Datenschutz und w\u00e4hlen Sie Alle Cookies blockieren. Best\u00e4tigen Sie mit Ok.<\/p><p>Firefox: Klicken Sie oben im Browserfenster auf die Schaltfl\u00e4che Firefox und gehen Sie dann auf die Registerkarte Optionen. Klicken Sie auf die Registerkarte Datenschutz. Aufbewahrungsregeln festlegen auf: Benutzerdefinierte Einstellungen f\u00fcr den Verlauf verwenden.<br \/>Deaktivieren Sie schlie\u00dflich das Kontrollk\u00e4stchen, um Cookies zu deaktivieren.<\/p><p>Safari: Klicken Sie auf das Men\u00fcsymbol (symbolisiert durch ein Zahnrad) in der oberen rechten Ecke des Browsers. W\u00e4hlen Sie Einstellungen. Klicken Sie auf Erweiterte Einstellungen anzeigen. Klicken Sie im Abschnitt &#8222;Datenschutz&#8220; auf Inhaltseinstellungen.<br \/>In der Rubrik &#8222;Cookies&#8220; k\u00f6nnen Sie Cookies blockieren.<\/p><p>Unter Chrome: Klicken Sie auf das Men\u00fcsymbol (symbolisiert durch drei horizontale Linien) in der oberen rechten Ecke des Browsers. W\u00e4hlen Sie Einstellungen. Klicken Sie auf Erweiterte Einstellungen anzeigen. Klicken Sie im Abschnitt &#8222;Datenschutz&#8220; auf Einstellungen.<br \/>Auf der Registerkarte &#8222;Datenschutz&#8220; k\u00f6nnen Sie Cookies blockieren.<\/p><h2>9. Anwendbares Recht und Gerichtsbarkeit.<\/h2><p>Jeder Rechtsstreit im Zusammenhang mit der Nutzung der Website <a title=\"Jean-emmanuel Cornu - RADIOR - radior.fr\" href=\"http:\/\/radior.fr\/\">radior.fr<\/a> unterliegt dem franz\u00f6sischen Recht. Die zust\u00e4ndigen Gerichte sind ausschlie\u00dflich zust\u00e4ndig.<br \/>von Paris.<\/p><h2>10. Die wichtigsten beteiligten Gesetze.<\/h2><p>Gesetz Nr. 78-17 vom 6. Januar 1978, ge\u00e4ndert durch das Gesetz Nr. 2004-801 vom 6. August 2004 \u00fcber Datenverarbeitung, Datensammlungen und pers\u00f6nliche Freiheiten.<\/p><p>Gesetz Nr. 2004-575 vom 21. Juni 2004 \u00fcber das Vertrauen in die digitale Wirtschaft.<\/p><h2>11. Lexikon.<\/h2><p>Benutzer: Internetnutzer, der sich mit der oben genannten Website verbindet und sie nutzt.<\/p><p>Pers\u00f6nliche Informationen: &#8222;Informationen, die in irgendeiner Form, direkt oder indirekt, die Identifizierung der nat\u00fcrlichen Personen erm\u00f6glichen, auf die sie sich beziehen&#8220; (Artikel 4 des Gesetzes Nr. 78-17 vom 6. Januar 1978).<\/p>\t\t\t\t\t\t<\/div>\n\t\t\t\t<\/div>\n\t\t\t\t\t<\/div>\n\t\t\t\t<\/div>\n\t\t\t\t\t\t\t<\/div>\n\t\t","protected":false},"excerpt":{"rendered":"<p>scroll-down-icon 1. Pr\u00e4sentation der Website. Gem\u00e4\u00df Artikel 6 des franz\u00f6sischen Gesetzes Nr. 2004-575 vom 21. Juni 2004 \u00fcber das Vertrauen in die digitale Wirtschaft werden die Nutzer der Website radior.fr \u00fcber die Identit\u00e4t der folgenden Parteien informiertder verschiedenen Parteien, die an der Umsetzung und dem Follow-up beteiligt sind: Eigent\u00fcmerin: Jean-emmanuel Cornu &#8211; RADIOR &#8211; Soci\u00e9t\u00e9 [&hellip;]<\/p>\n","protected":false},"author":1,"featured_media":0,"parent":0,"menu_order":0,"comment_status":"closed","ping_status":"closed","template":"elementor_header_footer","meta":{"footnotes":""},"class_list":["post-5150","page","type-page","status-publish","hentry"],"_links":{"self":[{"href":"https:\/\/radior.fr\/de\/wp-json\/wp\/v2\/pages\/5150"}],"collection":[{"href":"https:\/\/radior.fr\/de\/wp-json\/wp\/v2\/pages"}],"about":[{"href":"https:\/\/radior.fr\/de\/wp-json\/wp\/v2\/types\/page"}],"author":[{"embeddable":true,"href":"https:\/\/radior.fr\/de\/wp-json\/wp\/v2\/users\/1"}],"replies":[{"embeddable":true,"href":"https:\/\/radior.fr\/de\/wp-json\/wp\/v2\/comments?post=5150"}],"version-history":[{"count":4,"href":"https:\/\/radior.fr\/de\/wp-json\/wp\/v2\/pages\/5150\/revisions"}],"predecessor-version":[{"id":5709,"href":"https:\/\/radior.fr\/de\/wp-json\/wp\/v2\/pages\/5150\/revisions\/5709"}],"wp:attachment":[{"href":"https:\/\/radior.fr\/de\/wp-json\/wp\/v2\/media?parent=5150"}],"curies":[{"name":"wp","href":"https:\/\/api.w.org\/{rel}","templated":true}]}}